{"id":5452,"date":"2021-10-08T00:16:13","date_gmt":"2020-10-21T22:16:13","guid":{"rendered":"https:\/\/www.wearemanu.com\/boutique\/viper-bis-gold\/"},"modified":"2020-10-30T17:18:08","modified_gmt":"2020-10-30T16:18:08","slug":"viper-bis-gold","status":"publish","type":"product","link":"https:\/\/www.wearemanu.com\/en\/boutique\/for-her\/viper-bis-gold\/","title":{"rendered":"VIPER BIS LEATHER GOLD"},"content":{"rendered":"<p>For a total feline look, adopt these sneakers of the MANU brand. The golden and black colors will be in harmony with all your outfits and the leopard print tongue gives a wild side to these trainers and the women wearing them.<br \/>\nFall for this original and comfortable model, designed for every woman willing to let the beast inside express itself.<\/p>\n<p>3 cm thick sole, soft, light, and solid.<br \/>\nTechnical fabrics made in Italy.<br \/>\nUltra-flexible tongue and embroidered logo.<br \/>\nTextures and forms overlap.<br \/>\nStandard size.<\/p>\n","protected":false},"excerpt":{"rendered":"<p>Pour un look total f\u00e9lin, adoptez ces sneakers de la marque MANU. Les couleurs noire et or s&#8217;accordent avec toutes vos tenues et la languette en imprim\u00e9 l\u00e9opard donne \u00e0 ces baskets et \u00e0 celles qui les portent une dimension animale.<br \/>\nCraquez pour ce mod\u00e8le original et confortable, con\u00e7u pour toutes celles qui souhaitent laisser parler le fauve qui est en elles.<\/p>\n<p>Semelle souple, l\u00e9g\u00e8re et robuste de 3 cm d&#8217;\u00e9paisseur.<br \/>\nTissus techniques fabriqu\u00e9s en Italie.<br \/>\nLanguette ultra flexible et logo brod\u00e9.<br \/>\nTextures et formes se superposent.<br \/>\nTaille standard.<\/p>\n","protected":false},"featured_media":5445,"comment_status":"open","ping_status":"closed","template":"","meta":{"_mo_disable_npp":""},"product_brand":[],"product_cat":[146,148],"product_tag":[],"class_list":{"0":"post-5452","1":"product","2":"type-product","3":"status-publish","4":"has-post-thumbnail","6":"product_cat-for-her","7":"product_cat-sneakers-en","8":"pa_couleur-gold","10":"first","11":"outofstock","12":"shipping-taxable","13":"purchasable","14":"product-type-variable"},"yoast_head":"<!-- This site is optimized with the Yoast SEO plugin v26.8 - https:\/\/yoast.com\/product\/yoast-seo-wordpress\/ -->\n<title>VIPER BIS LEATHER GOLD - We are Manu<\/title>\n<meta name=\"robots\" content=\"index, follow, max-snippet:-1, max-image-preview:large, max-video-preview:-1\" \/>\n<link rel=\"canonical\" href=\"https:\/\/www.wearemanu.com\/en\/boutique\/for-her\/viper-bis-gold\/\" \/>\n<meta property=\"og:locale\" content=\"en_US\" \/>\n<meta property=\"og:type\" content=\"article\" \/>\n<meta property=\"og:title\" content=\"VIPER BIS LEATHER GOLD - We are Manu\" \/>\n<meta property=\"og:description\" content=\"Pour un look total f\u00e9lin, adoptez ces sneakers de la marque MANU. Les couleurs noire et or s&#039;accordent avec toutes vos tenues et la languette en imprim\u00e9 l\u00e9opard donne \u00e0 ces baskets et \u00e0 celles qui les portent une dimension animale. Craquez pour ce mod\u00e8le original et confortable, con\u00e7u pour toutes celles qui souhaitent laisser parler le fauve qui est en elles.  Semelle souple, l\u00e9g\u00e8re et robuste de 3 cm d&#039;\u00e9paisseur. Tissus techniques fabriqu\u00e9s en Italie. Languette ultra flexible et logo brod\u00e9. Textures et formes se superposent. Taille standard.\" \/>\n<meta property=\"og:url\" content=\"https:\/\/www.wearemanu.com\/en\/boutique\/for-her\/viper-bis-gold\/\" \/>\n<meta property=\"og:site_name\" content=\"We are Manu\" \/>\n<meta property=\"article:modified_time\" content=\"2020-10-30T16:18:08+00:00\" \/>\n<meta property=\"og:image\" content=\"https:\/\/www.wearemanu.com\/wp-content\/uploads\/2020\/10\/INSTAGRAM-FW20-ViperVer1-Side-jpgweb.jpg\" \/>\n\t<meta property=\"og:image:width\" content=\"1100\" \/>\n\t<meta property=\"og:image:height\" content=\"750\" \/>\n\t<meta property=\"og:image:type\" content=\"image\/jpeg\" \/>\n<meta name=\"twitter:card\" content=\"summary_large_image\" \/>\n<script type=\"application\/ld+json\" class=\"yoast-schema-graph\">{\"@context\":\"https:\/\/schema.org\",\"@graph\":[{\"@type\":\"WebPage\",\"@id\":\"https:\/\/www.wearemanu.com\/en\/boutique\/for-her\/viper-bis-gold\/\",\"url\":\"https:\/\/www.wearemanu.com\/en\/boutique\/for-her\/viper-bis-gold\/\",\"name\":\"VIPER BIS LEATHER GOLD - We are Manu\",\"isPartOf\":{\"@id\":\"https:\/\/www.wearemanu.com\/#website\"},\"primaryImageOfPage\":{\"@id\":\"https:\/\/www.wearemanu.com\/en\/boutique\/for-her\/viper-bis-gold\/#primaryimage\"},\"image\":{\"@id\":\"https:\/\/www.wearemanu.com\/en\/boutique\/for-her\/viper-bis-gold\/#primaryimage\"},\"thumbnailUrl\":\"https:\/\/www.wearemanu.com\/wp-content\/uploads\/2020\/10\/INSTAGRAM-FW20-ViperVer1-Side-jpgweb.jpg\",\"datePublished\":\"2020-10-21T22:16:13+00:00\",\"dateModified\":\"2020-10-30T16:18:08+00:00\",\"breadcrumb\":{\"@id\":\"https:\/\/www.wearemanu.com\/en\/boutique\/for-her\/viper-bis-gold\/#breadcrumb\"},\"inLanguage\":\"en-US\",\"potentialAction\":[{\"@type\":\"ReadAction\",\"target\":[\"https:\/\/www.wearemanu.com\/en\/boutique\/for-her\/viper-bis-gold\/\"]}]},{\"@type\":\"ImageObject\",\"inLanguage\":\"en-US\",\"@id\":\"https:\/\/www.wearemanu.com\/en\/boutique\/for-her\/viper-bis-gold\/#primaryimage\",\"url\":\"https:\/\/www.wearemanu.com\/wp-content\/uploads\/2020\/10\/INSTAGRAM-FW20-ViperVer1-Side-jpgweb.jpg\",\"contentUrl\":\"https:\/\/www.wearemanu.com\/wp-content\/uploads\/2020\/10\/INSTAGRAM-FW20-ViperVer1-Side-jpgweb.jpg\",\"width\":1100,\"height\":750},{\"@type\":\"BreadcrumbList\",\"@id\":\"https:\/\/www.wearemanu.com\/en\/boutique\/for-her\/viper-bis-gold\/#breadcrumb\",\"itemListElement\":[{\"@type\":\"ListItem\",\"position\":1,\"name\":\"Accueil\",\"item\":\"https:\/\/www.wearemanu.com\/en\/\"},{\"@type\":\"ListItem\",\"position\":2,\"name\":\"Boutique\",\"item\":\"https:\/\/www.wearemanu.com\/boutique\/\"},{\"@type\":\"ListItem\",\"position\":3,\"name\":\"VIPER BIS LEATHER GOLD\"}]},{\"@type\":\"WebSite\",\"@id\":\"https:\/\/www.wearemanu.com\/#website\",\"url\":\"https:\/\/www.wearemanu.com\/\",\"name\":\"We are Manu\",\"description\":\"Tshirt\",\"potentialAction\":[{\"@type\":\"SearchAction\",\"target\":{\"@type\":\"EntryPoint\",\"urlTemplate\":\"https:\/\/www.wearemanu.com\/?s={search_term_string}\"},\"query-input\":{\"@type\":\"PropertyValueSpecification\",\"valueRequired\":true,\"valueName\":\"search_term_string\"}}],\"inLanguage\":\"en-US\"}]}<\/script>\n<!-- \/ Yoast SEO plugin. -->","yoast_head_json":{"title":"VIPER BIS LEATHER GOLD - We are Manu","robots":{"index":"index","follow":"follow","max-snippet":"max-snippet:-1","max-image-preview":"max-image-preview:large","max-video-preview":"max-video-preview:-1"},"canonical":"https:\/\/www.wearemanu.com\/en\/boutique\/for-her\/viper-bis-gold\/","og_locale":"en_US","og_type":"article","og_title":"VIPER BIS LEATHER GOLD - We are Manu","og_description":"Pour un look total f\u00e9lin, adoptez ces sneakers de la marque MANU. Les couleurs noire et or s'accordent avec toutes vos tenues et la languette en imprim\u00e9 l\u00e9opard donne \u00e0 ces baskets et \u00e0 celles qui les portent une dimension animale. Craquez pour ce mod\u00e8le original et confortable, con\u00e7u pour toutes celles qui souhaitent laisser parler le fauve qui est en elles.  Semelle souple, l\u00e9g\u00e8re et robuste de 3 cm d'\u00e9paisseur. Tissus techniques fabriqu\u00e9s en Italie. Languette ultra flexible et logo brod\u00e9. Textures et formes se superposent. Taille standard.","og_url":"https:\/\/www.wearemanu.com\/en\/boutique\/for-her\/viper-bis-gold\/","og_site_name":"We are Manu","article_modified_time":"2020-10-30T16:18:08+00:00","og_image":[{"width":1100,"height":750,"url":"https:\/\/www.wearemanu.com\/wp-content\/uploads\/2020\/10\/INSTAGRAM-FW20-ViperVer1-Side-jpgweb.jpg","type":"image\/jpeg"}],"twitter_card":"summary_large_image","schema":{"@context":"https:\/\/schema.org","@graph":[{"@type":"WebPage","@id":"https:\/\/www.wearemanu.com\/en\/boutique\/for-her\/viper-bis-gold\/","url":"https:\/\/www.wearemanu.com\/en\/boutique\/for-her\/viper-bis-gold\/","name":"VIPER BIS LEATHER GOLD - We are Manu","isPartOf":{"@id":"https:\/\/www.wearemanu.com\/#website"},"primaryImageOfPage":{"@id":"https:\/\/www.wearemanu.com\/en\/boutique\/for-her\/viper-bis-gold\/#primaryimage"},"image":{"@id":"https:\/\/www.wearemanu.com\/en\/boutique\/for-her\/viper-bis-gold\/#primaryimage"},"thumbnailUrl":"https:\/\/www.wearemanu.com\/wp-content\/uploads\/2020\/10\/INSTAGRAM-FW20-ViperVer1-Side-jpgweb.jpg","datePublished":"2020-10-21T22:16:13+00:00","dateModified":"2020-10-30T16:18:08+00:00","breadcrumb":{"@id":"https:\/\/www.wearemanu.com\/en\/boutique\/for-her\/viper-bis-gold\/#breadcrumb"},"inLanguage":"en-US","potentialAction":[{"@type":"ReadAction","target":["https:\/\/www.wearemanu.com\/en\/boutique\/for-her\/viper-bis-gold\/"]}]},{"@type":"ImageObject","inLanguage":"en-US","@id":"https:\/\/www.wearemanu.com\/en\/boutique\/for-her\/viper-bis-gold\/#primaryimage","url":"https:\/\/www.wearemanu.com\/wp-content\/uploads\/2020\/10\/INSTAGRAM-FW20-ViperVer1-Side-jpgweb.jpg","contentUrl":"https:\/\/www.wearemanu.com\/wp-content\/uploads\/2020\/10\/INSTAGRAM-FW20-ViperVer1-Side-jpgweb.jpg","width":1100,"height":750},{"@type":"BreadcrumbList","@id":"https:\/\/www.wearemanu.com\/en\/boutique\/for-her\/viper-bis-gold\/#breadcrumb","itemListElement":[{"@type":"ListItem","position":1,"name":"Accueil","item":"https:\/\/www.wearemanu.com\/en\/"},{"@type":"ListItem","position":2,"name":"Boutique","item":"https:\/\/www.wearemanu.com\/boutique\/"},{"@type":"ListItem","position":3,"name":"VIPER BIS LEATHER GOLD"}]},{"@type":"WebSite","@id":"https:\/\/www.wearemanu.com\/#website","url":"https:\/\/www.wearemanu.com\/","name":"We are Manu","description":"Tshirt","potentialAction":[{"@type":"SearchAction","target":{"@type":"EntryPoint","urlTemplate":"https:\/\/www.wearemanu.com\/?s={search_term_string}"},"query-input":{"@type":"PropertyValueSpecification","valueRequired":true,"valueName":"search_term_string"}}],"inLanguage":"en-US"}]}},"_links":{"self":[{"href":"https:\/\/www.wearemanu.com\/en\/wp-json\/wp\/v2\/product\/5452","targetHints":{"allow":["GET"]}}],"collection":[{"href":"https:\/\/www.wearemanu.com\/en\/wp-json\/wp\/v2\/product"}],"about":[{"href":"https:\/\/www.wearemanu.com\/en\/wp-json\/wp\/v2\/types\/product"}],"replies":[{"embeddable":true,"href":"https:\/\/www.wearemanu.com\/en\/wp-json\/wp\/v2\/comments?post=5452"}],"wp:featuredmedia":[{"embeddable":true,"href":"https:\/\/www.wearemanu.com\/en\/wp-json\/wp\/v2\/media\/5445"}],"wp:attachment":[{"href":"https:\/\/www.wearemanu.com\/en\/wp-json\/wp\/v2\/media?parent=5452"}],"wp:term":[{"taxonomy":"product_brand","embeddable":true,"href":"https:\/\/www.wearemanu.com\/en\/wp-json\/wp\/v2\/product_brand?post=5452"},{"taxonomy":"product_cat","embeddable":true,"href":"https:\/\/www.wearemanu.com\/en\/wp-json\/wp\/v2\/product_cat?post=5452"},{"taxonomy":"product_tag","embeddable":true,"href":"https:\/\/www.wearemanu.com\/en\/wp-json\/wp\/v2\/product_tag?post=5452"}],"curies":[{"name":"wp","href":"https:\/\/api.w.org\/{rel}","templated":true}]}}