{"id":3320,"date":"2019-09-05T13:14:39","date_gmt":"2020-03-20T12:14:39","guid":{"rendered":"https:\/\/www.wearemanu.com\/produit\/_sevenwings\/"},"modified":"2021-06-03T11:28:12","modified_gmt":"2021-06-03T09:28:12","slug":"_sevenwings","status":"publish","type":"product","link":"https:\/\/www.wearemanu.com\/it\/boutique\/per-lui\/_sevenwings\/","title":{"rendered":"T-SHIRT SEVEN WINGS"},"content":{"rendered":"<p>Ecco una maglietta nera 100% cotone che vi porter\u00e0 sicuramente fortuna. Facendo eco alle virt\u00f9 del numero 7 con la sua stampa sul retro, questo modello con logo ad ali sul petto sar\u00e0 l\u2019angelo custode del tuo stile ogni giorno. Fatto in Italia, \u00e8 il simbolo di una moda maschile semplice e trendy.<\/p>\n<p>Il modella indossa una taglia M.<\/p>\n<p>Fatto in Italia<\/p>\n<p>100% cotone<\/p>\n<p>dimensioni normalmente<\/p>\n","protected":false},"excerpt":{"rendered":"<p>Ecco una maglietta nera 100% cotone che vi porter\u00e0 sicuramente fortuna. Facendo eco alle virt\u00f9 del numero 7 con la\u2026<\/p>\n","protected":false},"featured_media":3325,"comment_status":"open","ping_status":"closed","template":"","meta":{"_mo_disable_npp":""},"product_brand":[],"product_cat":[313,233],"product_tag":[],"class_list":{"0":"post-3320","1":"product","2":"type-product","3":"status-publish","4":"has-post-thumbnail","6":"product_cat-vestiti","7":"product_cat-per-lui","8":"pa_couleur-bianco","9":"pa_couleur-nero","10":"pa_produit-t-shirts-it","11":"pa_sexe-per-lui","12":"pa_taille-l-it","13":"pa_taille-m-it","14":"pa_taille-s-it","16":"first","17":"instock","18":"shipping-taxable","19":"purchasable","20":"product-type-variable"},"yoast_head":"<!-- This site is optimized with the Yoast SEO plugin v26.8 - https:\/\/yoast.com\/product\/yoast-seo-wordpress\/ -->\n<title>T-SHIRT SEVEN WINGS - We are Manu<\/title>\n<meta name=\"robots\" content=\"index, follow, max-snippet:-1, max-image-preview:large, max-video-preview:-1\" \/>\n<link rel=\"canonical\" href=\"https:\/\/www.wearemanu.com\/it\/boutique\/per-lui\/_sevenwings\/\" \/>\n<meta property=\"og:locale\" content=\"it_IT\" \/>\n<meta property=\"og:type\" content=\"article\" \/>\n<meta property=\"og:title\" content=\"T-SHIRT SEVEN WINGS - We are Manu\" \/>\n<meta property=\"og:description\" content=\"Ecco una maglietta nera 100% cotone che vi porter\u00e0 sicuramente fortuna. Facendo eco alle virt\u00f9 del numero 7 con la\u2026\" \/>\n<meta property=\"og:url\" content=\"https:\/\/www.wearemanu.com\/it\/boutique\/per-lui\/_sevenwings\/\" \/>\n<meta property=\"og:site_name\" content=\"We are Manu\" \/>\n<meta property=\"article:modified_time\" content=\"2021-06-03T09:28:12+00:00\" \/>\n<meta property=\"og:image\" content=\"https:\/\/www.wearemanu.com\/wp-content\/uploads\/2020\/03\/tshirt-seven-1.jpg\" \/>\n\t<meta property=\"og:image:width\" content=\"1080\" \/>\n\t<meta property=\"og:image:height\" content=\"1080\" \/>\n\t<meta property=\"og:image:type\" content=\"image\/jpeg\" \/>\n<meta name=\"twitter:card\" content=\"summary_large_image\" \/>\n<script type=\"application\/ld+json\" class=\"yoast-schema-graph\">{\"@context\":\"https:\/\/schema.org\",\"@graph\":[{\"@type\":\"WebPage\",\"@id\":\"https:\/\/www.wearemanu.com\/it\/boutique\/per-lui\/_sevenwings\/\",\"url\":\"https:\/\/www.wearemanu.com\/it\/boutique\/per-lui\/_sevenwings\/\",\"name\":\"T-SHIRT SEVEN WINGS - We are Manu\",\"isPartOf\":{\"@id\":\"https:\/\/www.wearemanu.com\/#website\"},\"primaryImageOfPage\":{\"@id\":\"https:\/\/www.wearemanu.com\/it\/boutique\/per-lui\/_sevenwings\/#primaryimage\"},\"image\":{\"@id\":\"https:\/\/www.wearemanu.com\/it\/boutique\/per-lui\/_sevenwings\/#primaryimage\"},\"thumbnailUrl\":\"https:\/\/www.wearemanu.com\/wp-content\/uploads\/2020\/03\/tshirt-seven-1.jpg\",\"datePublished\":\"2020-03-20T12:14:39+00:00\",\"dateModified\":\"2021-06-03T09:28:12+00:00\",\"breadcrumb\":{\"@id\":\"https:\/\/www.wearemanu.com\/it\/boutique\/per-lui\/_sevenwings\/#breadcrumb\"},\"inLanguage\":\"it-IT\",\"potentialAction\":[{\"@type\":\"ReadAction\",\"target\":[\"https:\/\/www.wearemanu.com\/it\/boutique\/per-lui\/_sevenwings\/\"]}]},{\"@type\":\"ImageObject\",\"inLanguage\":\"it-IT\",\"@id\":\"https:\/\/www.wearemanu.com\/it\/boutique\/per-lui\/_sevenwings\/#primaryimage\",\"url\":\"https:\/\/www.wearemanu.com\/wp-content\/uploads\/2020\/03\/tshirt-seven-1.jpg\",\"contentUrl\":\"https:\/\/www.wearemanu.com\/wp-content\/uploads\/2020\/03\/tshirt-seven-1.jpg\",\"width\":1080,\"height\":1080},{\"@type\":\"BreadcrumbList\",\"@id\":\"https:\/\/www.wearemanu.com\/it\/boutique\/per-lui\/_sevenwings\/#breadcrumb\",\"itemListElement\":[{\"@type\":\"ListItem\",\"position\":1,\"name\":\"Accueil\",\"item\":\"https:\/\/www.wearemanu.com\/it\/\"},{\"@type\":\"ListItem\",\"position\":2,\"name\":\"Boutique\",\"item\":\"https:\/\/www.wearemanu.com\/boutique\/\"},{\"@type\":\"ListItem\",\"position\":3,\"name\":\"T-SHIRT SEVEN WINGS\"}]},{\"@type\":\"WebSite\",\"@id\":\"https:\/\/www.wearemanu.com\/#website\",\"url\":\"https:\/\/www.wearemanu.com\/\",\"name\":\"We are Manu\",\"description\":\"Tshirt\",\"potentialAction\":[{\"@type\":\"SearchAction\",\"target\":{\"@type\":\"EntryPoint\",\"urlTemplate\":\"https:\/\/www.wearemanu.com\/?s={search_term_string}\"},\"query-input\":{\"@type\":\"PropertyValueSpecification\",\"valueRequired\":true,\"valueName\":\"search_term_string\"}}],\"inLanguage\":\"it-IT\"}]}<\/script>\n<!-- \/ Yoast SEO plugin. -->","yoast_head_json":{"title":"T-SHIRT SEVEN WINGS - We are Manu","robots":{"index":"index","follow":"follow","max-snippet":"max-snippet:-1","max-image-preview":"max-image-preview:large","max-video-preview":"max-video-preview:-1"},"canonical":"https:\/\/www.wearemanu.com\/it\/boutique\/per-lui\/_sevenwings\/","og_locale":"it_IT","og_type":"article","og_title":"T-SHIRT SEVEN WINGS - We are Manu","og_description":"Ecco una maglietta nera 100% cotone che vi porter\u00e0 sicuramente fortuna. Facendo eco alle virt\u00f9 del numero 7 con la\u2026","og_url":"https:\/\/www.wearemanu.com\/it\/boutique\/per-lui\/_sevenwings\/","og_site_name":"We are Manu","article_modified_time":"2021-06-03T09:28:12+00:00","og_image":[{"width":1080,"height":1080,"url":"https:\/\/www.wearemanu.com\/wp-content\/uploads\/2020\/03\/tshirt-seven-1.jpg","type":"image\/jpeg"}],"twitter_card":"summary_large_image","schema":{"@context":"https:\/\/schema.org","@graph":[{"@type":"WebPage","@id":"https:\/\/www.wearemanu.com\/it\/boutique\/per-lui\/_sevenwings\/","url":"https:\/\/www.wearemanu.com\/it\/boutique\/per-lui\/_sevenwings\/","name":"T-SHIRT SEVEN WINGS - We are Manu","isPartOf":{"@id":"https:\/\/www.wearemanu.com\/#website"},"primaryImageOfPage":{"@id":"https:\/\/www.wearemanu.com\/it\/boutique\/per-lui\/_sevenwings\/#primaryimage"},"image":{"@id":"https:\/\/www.wearemanu.com\/it\/boutique\/per-lui\/_sevenwings\/#primaryimage"},"thumbnailUrl":"https:\/\/www.wearemanu.com\/wp-content\/uploads\/2020\/03\/tshirt-seven-1.jpg","datePublished":"2020-03-20T12:14:39+00:00","dateModified":"2021-06-03T09:28:12+00:00","breadcrumb":{"@id":"https:\/\/www.wearemanu.com\/it\/boutique\/per-lui\/_sevenwings\/#breadcrumb"},"inLanguage":"it-IT","potentialAction":[{"@type":"ReadAction","target":["https:\/\/www.wearemanu.com\/it\/boutique\/per-lui\/_sevenwings\/"]}]},{"@type":"ImageObject","inLanguage":"it-IT","@id":"https:\/\/www.wearemanu.com\/it\/boutique\/per-lui\/_sevenwings\/#primaryimage","url":"https:\/\/www.wearemanu.com\/wp-content\/uploads\/2020\/03\/tshirt-seven-1.jpg","contentUrl":"https:\/\/www.wearemanu.com\/wp-content\/uploads\/2020\/03\/tshirt-seven-1.jpg","width":1080,"height":1080},{"@type":"BreadcrumbList","@id":"https:\/\/www.wearemanu.com\/it\/boutique\/per-lui\/_sevenwings\/#breadcrumb","itemListElement":[{"@type":"ListItem","position":1,"name":"Accueil","item":"https:\/\/www.wearemanu.com\/it\/"},{"@type":"ListItem","position":2,"name":"Boutique","item":"https:\/\/www.wearemanu.com\/boutique\/"},{"@type":"ListItem","position":3,"name":"T-SHIRT SEVEN WINGS"}]},{"@type":"WebSite","@id":"https:\/\/www.wearemanu.com\/#website","url":"https:\/\/www.wearemanu.com\/","name":"We are Manu","description":"Tshirt","potentialAction":[{"@type":"SearchAction","target":{"@type":"EntryPoint","urlTemplate":"https:\/\/www.wearemanu.com\/?s={search_term_string}"},"query-input":{"@type":"PropertyValueSpecification","valueRequired":true,"valueName":"search_term_string"}}],"inLanguage":"it-IT"}]}},"_links":{"self":[{"href":"https:\/\/www.wearemanu.com\/it\/wp-json\/wp\/v2\/product\/3320","targetHints":{"allow":["GET"]}}],"collection":[{"href":"https:\/\/www.wearemanu.com\/it\/wp-json\/wp\/v2\/product"}],"about":[{"href":"https:\/\/www.wearemanu.com\/it\/wp-json\/wp\/v2\/types\/product"}],"replies":[{"embeddable":true,"href":"https:\/\/www.wearemanu.com\/it\/wp-json\/wp\/v2\/comments?post=3320"}],"wp:featuredmedia":[{"embeddable":true,"href":"https:\/\/www.wearemanu.com\/it\/wp-json\/wp\/v2\/media\/3325"}],"wp:attachment":[{"href":"https:\/\/www.wearemanu.com\/it\/wp-json\/wp\/v2\/media?parent=3320"}],"wp:term":[{"taxonomy":"product_brand","embeddable":true,"href":"https:\/\/www.wearemanu.com\/it\/wp-json\/wp\/v2\/product_brand?post=3320"},{"taxonomy":"product_cat","embeddable":true,"href":"https:\/\/www.wearemanu.com\/it\/wp-json\/wp\/v2\/product_cat?post=3320"},{"taxonomy":"product_tag","embeddable":true,"href":"https:\/\/www.wearemanu.com\/it\/wp-json\/wp\/v2\/product_tag?post=3320"}],"curies":[{"name":"wp","href":"https:\/\/api.w.org\/{rel}","templated":true}]}}