{"id":5642,"date":"2020-01-03T12:47:06","date_gmt":"2021-02-15T11:47:06","guid":{"rendered":"https:\/\/www.wearemanu.com\/boutique\/scorpios-transparent-camouflage\/"},"modified":"2021-06-03T12:50:04","modified_gmt":"2021-06-03T10:50:04","slug":"scorpios-transparent-camouflage","status":"publish","type":"product","link":"https:\/\/www.wearemanu.com\/it\/boutique\/per-lui\/scorpios-transparent-camouflage\/","title":{"rendered":"SCORPIOS TRANSPARENT MIMETICO"},"content":{"rendered":"<pre id=\"tw-target-text\" class=\"tw-data-text tw-text-large XcVN5d tw-ta\" dir=\"ltr\" data-placeholder=\"Traduction\"><span lang=\"it\">Rivoluzionarie queste sneakers mescolano tessuto, interni in pelle suola di gomma  per un rendering all'avanguardia della moda ... \r\nIl materiale trasparente (ripstop) \u00e8 stampato e la sua suola grande con motivi neri, bianchi e gialli porta loro una ventata di originalit\u00e0 e modernit\u00e0.\r\n\r\nIl modello Scorpios \u00e8 progettato solo per uomini.\r\n\r\nprendi una taglia sotto.\r\n\r\nIl modello indossa una 42.<\/span><\/pre>\n","protected":false},"excerpt":{"rendered":"<p><span lang=\"it\">Rivoluzionarie queste sneakers mescolano tessuto, interni in pelle suola di gomma per un rendering all&#8217;avanguardia della moda &#8230;<br \/>\nIl materiale trasparente (ripstop) \u00e8 stampato e la sua suola grande con motivi neri, bianchi e gialli porta loro una ventata di originalit\u00e0 e modernit\u00e0. Il modello Scorpios \u00e8 progettato solo per uomini. prendi una taglia sotto. Il modello indossa una 42.<\/span><\/p>\n","protected":false},"featured_media":5913,"comment_status":"open","ping_status":"closed","template":"","meta":{"_mo_disable_npp":""},"product_brand":[],"product_cat":[321,233,235],"product_tag":[],"class_list":{"0":"post-5642","1":"product","2":"type-product","3":"status-publish","4":"has-post-thumbnail","6":"product_cat-sconto","7":"product_cat-per-lui","8":"product_cat-sneakers-it","9":"pa_pointure-41-it","10":"pa_pointure-42-it","11":"pa_pointure-43-it","12":"pa_pointure-44-it","13":"pa_pointure-45-it","14":"pa_sexe-per-lui","16":"first","17":"instock","18":"sale","19":"shipping-taxable","20":"purchasable","21":"product-type-variable"},"yoast_head":"<!-- This site is optimized with the Yoast SEO plugin v26.8 - https:\/\/yoast.com\/product\/yoast-seo-wordpress\/ -->\n<title>SCORPIOS TRANSPARENT MIMETICO - We are Manu<\/title>\n<meta name=\"robots\" content=\"index, follow, max-snippet:-1, max-image-preview:large, max-video-preview:-1\" \/>\n<link rel=\"canonical\" href=\"https:\/\/www.wearemanu.com\/it\/boutique\/per-lui\/scorpios-transparent-camouflage\/\" \/>\n<meta property=\"og:locale\" content=\"it_IT\" \/>\n<meta property=\"og:type\" content=\"article\" \/>\n<meta property=\"og:title\" content=\"SCORPIOS TRANSPARENT MIMETICO - We are Manu\" \/>\n<meta property=\"og:description\" content=\"Rivoluzionarie queste sneakers mescolano tessuto, interni in pelle suola di gomma per un rendering all&#039;avanguardia della moda ... Il materiale trasparente (ripstop) \u00e8 stampato e la sua suola grande con motivi neri, bianchi e gialli porta loro una ventata di originalit\u00e0 e modernit\u00e0. Il modello Scorpios \u00e8 progettato solo per uomini. prendi una taglia sotto. Il modello indossa una 42.\" \/>\n<meta property=\"og:url\" content=\"https:\/\/www.wearemanu.com\/it\/boutique\/per-lui\/scorpios-transparent-camouflage\/\" \/>\n<meta property=\"og:site_name\" content=\"We are Manu\" \/>\n<meta property=\"article:modified_time\" content=\"2021-06-03T10:50:04+00:00\" \/>\n<meta property=\"og:image\" content=\"https:\/\/www.wearemanu.com\/wp-content\/uploads\/2021\/02\/WEB-MANU-SNEAKERS019.jpg\" \/>\n\t<meta property=\"og:image:width\" content=\"680\" \/>\n\t<meta property=\"og:image:height\" content=\"500\" \/>\n\t<meta property=\"og:image:type\" content=\"image\/jpeg\" \/>\n<meta name=\"twitter:card\" content=\"summary_large_image\" \/>\n<meta name=\"twitter:label1\" content=\"Tempo di lettura stimato\" \/>\n\t<meta name=\"twitter:data1\" content=\"1 minuto\" \/>\n<script type=\"application\/ld+json\" class=\"yoast-schema-graph\">{\"@context\":\"https:\/\/schema.org\",\"@graph\":[{\"@type\":\"WebPage\",\"@id\":\"https:\/\/www.wearemanu.com\/it\/boutique\/per-lui\/scorpios-transparent-camouflage\/\",\"url\":\"https:\/\/www.wearemanu.com\/it\/boutique\/per-lui\/scorpios-transparent-camouflage\/\",\"name\":\"SCORPIOS TRANSPARENT MIMETICO - We are Manu\",\"isPartOf\":{\"@id\":\"https:\/\/www.wearemanu.com\/#website\"},\"primaryImageOfPage\":{\"@id\":\"https:\/\/www.wearemanu.com\/it\/boutique\/per-lui\/scorpios-transparent-camouflage\/#primaryimage\"},\"image\":{\"@id\":\"https:\/\/www.wearemanu.com\/it\/boutique\/per-lui\/scorpios-transparent-camouflage\/#primaryimage\"},\"thumbnailUrl\":\"https:\/\/www.wearemanu.com\/wp-content\/uploads\/2021\/02\/WEB-MANU-SNEAKERS019.jpg\",\"datePublished\":\"2021-02-15T11:47:06+00:00\",\"dateModified\":\"2021-06-03T10:50:04+00:00\",\"breadcrumb\":{\"@id\":\"https:\/\/www.wearemanu.com\/it\/boutique\/per-lui\/scorpios-transparent-camouflage\/#breadcrumb\"},\"inLanguage\":\"it-IT\",\"potentialAction\":[{\"@type\":\"ReadAction\",\"target\":[\"https:\/\/www.wearemanu.com\/it\/boutique\/per-lui\/scorpios-transparent-camouflage\/\"]}]},{\"@type\":\"ImageObject\",\"inLanguage\":\"it-IT\",\"@id\":\"https:\/\/www.wearemanu.com\/it\/boutique\/per-lui\/scorpios-transparent-camouflage\/#primaryimage\",\"url\":\"https:\/\/www.wearemanu.com\/wp-content\/uploads\/2021\/02\/WEB-MANU-SNEAKERS019.jpg\",\"contentUrl\":\"https:\/\/www.wearemanu.com\/wp-content\/uploads\/2021\/02\/WEB-MANU-SNEAKERS019.jpg\",\"width\":680,\"height\":500},{\"@type\":\"BreadcrumbList\",\"@id\":\"https:\/\/www.wearemanu.com\/it\/boutique\/per-lui\/scorpios-transparent-camouflage\/#breadcrumb\",\"itemListElement\":[{\"@type\":\"ListItem\",\"position\":1,\"name\":\"Accueil\",\"item\":\"https:\/\/www.wearemanu.com\/it\/\"},{\"@type\":\"ListItem\",\"position\":2,\"name\":\"Boutique\",\"item\":\"https:\/\/www.wearemanu.com\/boutique\/\"},{\"@type\":\"ListItem\",\"position\":3,\"name\":\"SCORPIOS TRANSPARENT MIMETICO\"}]},{\"@type\":\"WebSite\",\"@id\":\"https:\/\/www.wearemanu.com\/#website\",\"url\":\"https:\/\/www.wearemanu.com\/\",\"name\":\"We are Manu\",\"description\":\"Tshirt\",\"potentialAction\":[{\"@type\":\"SearchAction\",\"target\":{\"@type\":\"EntryPoint\",\"urlTemplate\":\"https:\/\/www.wearemanu.com\/?s={search_term_string}\"},\"query-input\":{\"@type\":\"PropertyValueSpecification\",\"valueRequired\":true,\"valueName\":\"search_term_string\"}}],\"inLanguage\":\"it-IT\"}]}<\/script>\n<!-- \/ Yoast SEO plugin. -->","yoast_head_json":{"title":"SCORPIOS TRANSPARENT MIMETICO - We are Manu","robots":{"index":"index","follow":"follow","max-snippet":"max-snippet:-1","max-image-preview":"max-image-preview:large","max-video-preview":"max-video-preview:-1"},"canonical":"https:\/\/www.wearemanu.com\/it\/boutique\/per-lui\/scorpios-transparent-camouflage\/","og_locale":"it_IT","og_type":"article","og_title":"SCORPIOS TRANSPARENT MIMETICO - We are Manu","og_description":"Rivoluzionarie queste sneakers mescolano tessuto, interni in pelle suola di gomma per un rendering all'avanguardia della moda ... Il materiale trasparente (ripstop) \u00e8 stampato e la sua suola grande con motivi neri, bianchi e gialli porta loro una ventata di originalit\u00e0 e modernit\u00e0. Il modello Scorpios \u00e8 progettato solo per uomini. prendi una taglia sotto. Il modello indossa una 42.","og_url":"https:\/\/www.wearemanu.com\/it\/boutique\/per-lui\/scorpios-transparent-camouflage\/","og_site_name":"We are Manu","article_modified_time":"2021-06-03T10:50:04+00:00","og_image":[{"width":680,"height":500,"url":"https:\/\/www.wearemanu.com\/wp-content\/uploads\/2021\/02\/WEB-MANU-SNEAKERS019.jpg","type":"image\/jpeg"}],"twitter_card":"summary_large_image","twitter_misc":{"Tempo di lettura stimato":"1 minuto"},"schema":{"@context":"https:\/\/schema.org","@graph":[{"@type":"WebPage","@id":"https:\/\/www.wearemanu.com\/it\/boutique\/per-lui\/scorpios-transparent-camouflage\/","url":"https:\/\/www.wearemanu.com\/it\/boutique\/per-lui\/scorpios-transparent-camouflage\/","name":"SCORPIOS TRANSPARENT MIMETICO - We are Manu","isPartOf":{"@id":"https:\/\/www.wearemanu.com\/#website"},"primaryImageOfPage":{"@id":"https:\/\/www.wearemanu.com\/it\/boutique\/per-lui\/scorpios-transparent-camouflage\/#primaryimage"},"image":{"@id":"https:\/\/www.wearemanu.com\/it\/boutique\/per-lui\/scorpios-transparent-camouflage\/#primaryimage"},"thumbnailUrl":"https:\/\/www.wearemanu.com\/wp-content\/uploads\/2021\/02\/WEB-MANU-SNEAKERS019.jpg","datePublished":"2021-02-15T11:47:06+00:00","dateModified":"2021-06-03T10:50:04+00:00","breadcrumb":{"@id":"https:\/\/www.wearemanu.com\/it\/boutique\/per-lui\/scorpios-transparent-camouflage\/#breadcrumb"},"inLanguage":"it-IT","potentialAction":[{"@type":"ReadAction","target":["https:\/\/www.wearemanu.com\/it\/boutique\/per-lui\/scorpios-transparent-camouflage\/"]}]},{"@type":"ImageObject","inLanguage":"it-IT","@id":"https:\/\/www.wearemanu.com\/it\/boutique\/per-lui\/scorpios-transparent-camouflage\/#primaryimage","url":"https:\/\/www.wearemanu.com\/wp-content\/uploads\/2021\/02\/WEB-MANU-SNEAKERS019.jpg","contentUrl":"https:\/\/www.wearemanu.com\/wp-content\/uploads\/2021\/02\/WEB-MANU-SNEAKERS019.jpg","width":680,"height":500},{"@type":"BreadcrumbList","@id":"https:\/\/www.wearemanu.com\/it\/boutique\/per-lui\/scorpios-transparent-camouflage\/#breadcrumb","itemListElement":[{"@type":"ListItem","position":1,"name":"Accueil","item":"https:\/\/www.wearemanu.com\/it\/"},{"@type":"ListItem","position":2,"name":"Boutique","item":"https:\/\/www.wearemanu.com\/boutique\/"},{"@type":"ListItem","position":3,"name":"SCORPIOS TRANSPARENT MIMETICO"}]},{"@type":"WebSite","@id":"https:\/\/www.wearemanu.com\/#website","url":"https:\/\/www.wearemanu.com\/","name":"We are Manu","description":"Tshirt","potentialAction":[{"@type":"SearchAction","target":{"@type":"EntryPoint","urlTemplate":"https:\/\/www.wearemanu.com\/?s={search_term_string}"},"query-input":{"@type":"PropertyValueSpecification","valueRequired":true,"valueName":"search_term_string"}}],"inLanguage":"it-IT"}]}},"_links":{"self":[{"href":"https:\/\/www.wearemanu.com\/it\/wp-json\/wp\/v2\/product\/5642","targetHints":{"allow":["GET"]}}],"collection":[{"href":"https:\/\/www.wearemanu.com\/it\/wp-json\/wp\/v2\/product"}],"about":[{"href":"https:\/\/www.wearemanu.com\/it\/wp-json\/wp\/v2\/types\/product"}],"replies":[{"embeddable":true,"href":"https:\/\/www.wearemanu.com\/it\/wp-json\/wp\/v2\/comments?post=5642"}],"wp:featuredmedia":[{"embeddable":true,"href":"https:\/\/www.wearemanu.com\/it\/wp-json\/wp\/v2\/media\/5913"}],"wp:attachment":[{"href":"https:\/\/www.wearemanu.com\/it\/wp-json\/wp\/v2\/media?parent=5642"}],"wp:term":[{"taxonomy":"product_brand","embeddable":true,"href":"https:\/\/www.wearemanu.com\/it\/wp-json\/wp\/v2\/product_brand?post=5642"},{"taxonomy":"product_cat","embeddable":true,"href":"https:\/\/www.wearemanu.com\/it\/wp-json\/wp\/v2\/product_cat?post=5642"},{"taxonomy":"product_tag","embeddable":true,"href":"https:\/\/www.wearemanu.com\/it\/wp-json\/wp\/v2\/product_tag?post=5642"}],"curies":[{"name":"wp","href":"https:\/\/api.w.org\/{rel}","templated":true}]}}